{"id":81,"date":"2020-01-23T09:50:12","date_gmt":"2020-01-23T09:50:12","guid":{"rendered":"https:\/\/pohori.online\/contact-us\/"},"modified":"2025-06-14T09:05:12","modified_gmt":"2025-06-14T09:05:12","slug":"kontakt","status":"publish","type":"page","link":"https:\/\/pohori.online\/hu\/kontakt\/","title":{"rendered":"Kapcsolat"},"content":{"rendered":"<div class=\"wp-block-citadela-blocks-spacer citadela-block-spacer responsive-options loading hide-in-responsive\" data-block-attr=\"{&quot;desktop&quot;:{&quot;height&quot;:&quot;4.5vw&quot;},&quot;mobile&quot;:{&quot;height&quot;:&quot;0vw&quot;}}\" data-block-mobile-breakpoint=\"600\"><div class=\"inner-holder\" style=\"padding-top:4.5vw\"><\/div><\/div>\n\n\n\n<div class=\"wp-block-citadela-blocks-custom-container citadela-block-custom-container size-wide bg-type-none inside-space-none\"><div class=\"inner-holder\">\n<div class=\"wp-block-columns is-layout-flex wp-container-core-columns-is-layout-9d6595d7 wp-block-columns-is-layout-flex\">\n<div class=\"wp-block-column is-layout-flow wp-block-column-is-layout-flow\">\n<div class=\"wp-block-citadela-blocks-spacer citadela-block-spacer\"><div class=\"inner-holder\" style=\"padding-top:1em\"><\/div><\/div>\n\n\n\n<figure class=\"wp-block-image size-large\"><img loading=\"lazy\" decoding=\"async\" width=\"1024\" height=\"683\" src=\"https:\/\/pohori.online\/wp-content\/uploads\/2020\/01\/jk-architects-building-1024x683.jpg\" alt=\"\" class=\"wp-image-592\" srcset=\"https:\/\/pohori.online\/wp-content\/uploads\/2020\/01\/jk-architects-building-1024x683.jpg 1024w, https:\/\/pohori.online\/wp-content\/uploads\/2020\/01\/jk-architects-building-300x200.jpg 300w, https:\/\/pohori.online\/wp-content\/uploads\/2020\/01\/jk-architects-building-768x512.jpg 768w, https:\/\/pohori.online\/wp-content\/uploads\/2020\/01\/jk-architects-building.jpg 1500w\" sizes=\"auto, (max-width: 1024px) 100vw, 1024px\" \/><\/figure>\n<\/div>\n\n\n\n<div class=\"wp-block-column is-layout-flow wp-block-column-is-layout-flow\">\n<div class=\"wp-block-citadela-blocks-custom-container citadela-block-custom-container size-content bg-type-none inside-space-none\"><div class=\"inner-holder\">\n<div class=\"wp-block-citadela-blocks-spacer citadela-block-spacer\"><div class=\"inner-holder\" style=\"padding-top:30px\"><\/div><\/div>\n\n\n\r\n        <div \r\n            class=\"citadela-block-page-title align-left\"\r\n                         \r\n        >\r\n            <div class=\"page-title custom\">\r\n                <header class=\"entry-header has-subtitle\" style=\"\">\r\n                    <div class=\"entry-header-wrap\">\r\n\r\n                        <h1 class=\"entry-title\" style=\"\">Kapcsolat<\/h1><div class=\"entry-subtitle\"><p class=\"ctdl-subtitle\" >POHORI \u00e9p\u00edt\u0151ipari c\u00e9g<\/p><\/div>                    \r\n                    <\/div>\r\n                <\/header>\r\n            <\/div>\r\n        <\/div>\r\n\r\n        \n\n\n<h3 class=\"wp-block-heading\">Ha b\u00e1rmilyen k\u00e9rd\u00e9se van, ne habozzon kapcsolatba l\u00e9pni vel\u00fcnk.<\/h3>\n\n\n\n<p><\/p>\n\n\n\n<p>C\u00e9g\u00fcnk nem r\u00f3lunk sz\u00f3l, hanem \u00d6nr\u0151l. C\u00e9lunk, hogy megragadjuk az \u00e1lmait, \u00e9s egy\u00fctt dolgozzunk azok megval\u00f3s\u00edt\u00e1s\u00e1n.<br>Ste pripraven\u00ed za\u010da\u0165 s projektom?<\/p>\n\n\n\n<p><\/p>\n<\/div><\/div>\n<\/div>\n<\/div>\n<\/div><\/div>\n\n\n\n<div class=\"wp-block-citadela-blocks-spacer citadela-block-spacer\"><div class=\"inner-holder\" style=\"padding-top:3vw\"><\/div><\/div>\n\n\n\n<div class=\"wp-block-citadela-blocks-custom-container citadela-block-custom-container size-fullwidth bg-type-color inside-space-none has-bg\" style=\"background-color:rgba(241, 243, 244, 1)\"><div class=\"inner-holder\" style=\"max-width:1600px\">\n<div class=\"wp-block-citadela-blocks-spacer citadela-block-spacer\"><div class=\"inner-holder\" style=\"padding-top:2vw\"><\/div><\/div>\n\n\n\n<div class=\"wp-block-columns is-layout-flex wp-container-core-columns-is-layout-9d6595d7 wp-block-columns-is-layout-flex\">\n<div class=\"wp-block-column is-layout-flow wp-block-column-is-layout-flow\">\n<div class=\"wp-block-citadela-blocks-spacer citadela-block-spacer\"><div class=\"inner-holder\" style=\"padding-top:20px\"><\/div><\/div>\n\n\n<div class=\"wp-block-image\">\n<figure class=\"aligncenter size-full is-resized\"><img loading=\"lazy\" decoding=\"async\" width=\"222\" height=\"69\" src=\"https:\/\/pohori.online\/wp-content\/uploads\/2022\/07\/logo-PNG-70px.png\" alt=\"\" class=\"wp-image-1005\" style=\"width:250px\"\/><\/figure>\n<\/div>\n\n\n<div class=\"wp-block-citadela-blocks-spacer citadela-block-spacer\"><div class=\"inner-holder\" style=\"padding-top:45px\"><\/div><\/div>\n\n\n\n<div class=\"wp-block-citadela-blocks-custom-container citadela-block-custom-container size-content bg-type-none inside-space-none\"><div class=\"inner-holder\">\n<div class=\"wp-block-group\"><div class=\"wp-block-group__inner-container is-layout-flow wp-block-group-is-layout-flow\">\n<div class=\"wp-block-citadela-blocks-service citadela-block-service main-holder layout-list header-type-icon standard\"><div class=\"service-header\"><div class=\"service-icon\"><i class=\"fas fa-headset\" style=\"color:#002856\"><\/i><\/div><\/div><div class=\"service-content\"><div class=\"service-content-wrap\"><h3 class=\"service-title\">Manager|<br\/>+421\u00a0915\u00a0981 937<\/h3><p class=\"service-description\"><strong>N\u00e9v:<\/strong>  Dezs\u0151 Kov\u00e1cs<br\/><strong>E-mail:<\/strong> <a href=\"mailto:kovacs@pohori.sk\" target=\"_blank\" rel=\"noreferrer noopener\">kovacs@pohori.sk<\/a><\/p><\/div><\/div><\/div>\n<\/div><\/div>\n\n\n\n<div class=\"wp-block-citadela-blocks-service citadela-block-service main-holder layout-list header-type-icon standard\"><div class=\"service-header\"><div class=\"service-icon\"><i class=\"fas fa-hard-hat\" style=\"color:#b9b9b9\"><\/i><\/div><\/div><div class=\"service-content\"><div class=\"service-content-wrap\"><h3 class=\"service-title\">\u00c9p\u00edt\u00e9svezet\u0151  |<br\/><a href=\"tel:+421910781757\">+421 910 781 757<\/a><\/h3><p class=\"service-description\"><strong>N\u00e9v <\/strong> : Ing. J\u00e1n B\u00fari<a href=\" \"><br\/><\/a><strong>E-mail:<\/strong><a href=\"mailto:j.buri@pohori.sk\"> <\/a><a href=\"mailto:j.buri@pohori.sk\">j.buri@pohori.sk<\/a><\/p><\/div><\/div><\/div>\n\n\n\n<div class=\"wp-block-citadela-blocks-service citadela-block-service main-holder layout-list header-type-icon standard\"><div class=\"service-header\"><div class=\"service-icon\"><i class=\"fas fa-hard-hat\" style=\"color:#002856\"><\/i><\/div><\/div><div class=\"service-content\"><div class=\"service-content-wrap\"><h3 class=\"service-title\">\u00c9p\u00edt\u00e9svezet\u0151  |<br\/><a href=\"tel:+421915105673\">+421 915 105 673<\/a><\/h3><p class=\"service-description\"><strong>N\u00e9v <\/strong> : Nagy Zsolt<a href=\" \"><br\/><\/a><strong>E-mail:<\/strong><a href=\"tel:vojtech.kotasz@pohori.sk\"> <\/a><a href=\"mailto:pohori@pohori.sk\">pohori@pohori.sk <\/a> <\/p><\/div><\/div><\/div>\n\n\n\n<div class=\"wp-block-citadela-blocks-service citadela-block-service main-holder layout-list header-type-icon standard\"><div class=\"service-header\"><div class=\"service-icon\"><i class=\"fas fa-hard-hat\" style=\"color:#002856\"><\/i><\/div><\/div><div class=\"service-content\"><div class=\"service-content-wrap\"><h3 class=\"service-title\">\u00c9p\u00edt\u00e9svezet\u0151  |<br\/><a href=\"tel:+421917368211\">+421\u00a0917\u00a0368 211<\/a><\/h3><p class=\"service-description\"><strong>N\u00e9v <\/strong> : Zsolt Ront\u00f3<a href=\" \"><br\/><\/a><strong>E-mail:<\/strong><a href=\"mailto:zsolt.ronto@pohori.sk\" target=\"_blank\" rel=\"noreferrer noopener\"> <\/a><a href=\"mailto:zsolt.ronto@pohori.sk\" target=\"_blank\" rel=\"noreferrer noopener\">zsolt.ronto@pohori.sk<\/a><\/p><\/div><\/div><\/div>\n<\/div><\/div>\n<\/div>\n\n\n\n<div class=\"wp-block-column is-layout-flow wp-block-column-is-layout-flow\">\n<div class=\"wp-block-group\"><div class=\"wp-block-group__inner-container is-layout-flow wp-block-group-is-layout-flow\">\n<div class=\"wp-block-citadela-blocks-spacer citadela-block-spacer\"><div class=\"inner-holder\" style=\"padding-top:0.6vw\"><\/div><\/div>\n\n\n\n<div class=\"wp-block-citadela-blocks-spacer citadela-block-spacer negative-height\"><div class=\"inner-holder\" style=\"margin-top:-20px\"><\/div><\/div>\n\n\n\n<h3 class=\"wp-block-heading has-text-align-left\">Hol tal\u00e1lhat meg minket?<\/h3>\n\n\n\n<p>Javasoljuk, hogy szem\u00e9lyes l\u00e1togat\u00e1sa el\u0151tt egyeztessen id\u0151pontot. <\/p>\n\n\n\n<p><strong>Az iroda nyitva tart\u00e1sa:<\/strong> H\u00e9 \u2013 P\u00e9 8:00 \u2013 16:00<\/p>\n\n\n\n<p class=\"has-text-align-left\"><strong>C\u00edm<\/strong>  <a href=\"https:\/\/www.google.sk\/maps\/dir\/\/Pohori,+943+58+Kamenn%C3%BD+Most\/@47.8487663,18.6520581,16z\/data=!4m9!4m8!1m0!1m5!1m1!1s0x476af59b7dd149d7:0x76d620b6c9ebaf10!2m2!1d18.6582891!2d47.8491429!3e0?hl=sk&amp;authuser=0\" target=\"_blank\" rel=\"noreferrer noopener\">215, 943 58 Kamenn\u00fd Most (K\u0151h\u00eddgyarmat)<\/a> <\/p>\n\n\n\n<p class=\"has-text-align-left\"><strong>Email<\/strong>:  <a href=\"mailto:pohori@pohori.sk\">pohori@pohori.sk<\/a> <\/p>\n<\/div><\/div>\n\n\n\n<p><strong>Nyilv\u00e1ntart\u00e1sban vezetve:<\/strong>&nbsp;Okresn\u00fd \u00farad Nov\u00e9 Z\u00e1mky<br><strong>C\u00e9gjegyz\u00e9ksz\u00e1m:<\/strong>&nbsp;404-20244<\/p>\n\n\n\n<p><strong>C\u00e9gn\u00e9v<\/strong>: Tom\u00e1\u0161 Pohori<\/p>\n\n\n\n<p><strong>Azonos\u00edt\u00f3 sz\u00e1m<\/strong>: 40058328<\/p>\n\n\n\n<p><strong>Ad\u00f3sz\u00e1m<\/strong>: 1020094823         <strong>Ad\u00f3sz\u00e1m<\/strong> <strong>(\u00c1FA):<\/strong> SK1020094823<\/p>\n\n\n\n<p><strong>V\u00e1llalkoz\u00e1s c\u00edme<\/strong>: 94358 Kamenn\u00fd Most 499<\/p>\n\n\n\n<hr class=\"wp-block-separator alignwide has-alpha-channel-opacity\"\/>\n\n\n         <div \r\n            class=\"citadela-block-responsive-text align-left\"\r\n                                 >\r\n            <p class=\"inner-tag\" style=\"\"><strong>\u00c9p\u00edt\u0151anyag keresked\u00e9s<\/strong><\/p>         <\/div>\r\n      \n\n         <div \r\n            class=\"citadela-block-responsive-text weight-400 align-left\"\r\n                                 >\r\n            <p class=\"inner-tag\" style=\"font-weight: 400; line-height: 1.84;\">Tel.: <a href=\"tel:+421917367566\">+421 917 367\u00a0566<\/a><br>Nyitvatart\u00e1s m\u00e1rcius 1-t\u0151l okt\u00f3ber 31-ig:<br>H\u00e9tf\u0151 - P\u00e9ntek:\u00a008:00-16:30<br>Szombat:\u00a008:00-12:00<br>Nyitvatart\u00e1s november 1-t\u0151l febru\u00e1r 28-ig:<br>H\u00e9tf\u0151 - P\u00e9ntek: 08:00-16:00<\/p>         <\/div>\r\n      <\/div>\n\n\n\n<div class=\"wp-block-column is-layout-flow wp-block-column-is-layout-flow\">\n<blockquote class=\"wp-block-quote is-style-default is-layout-flow wp-block-quote-is-layout-flow\">\n<p> A POHORI \u00e9p\u00edt\u0151ipari c\u00e9g t\u00f6bb mint 20 \u00e9ve ny\u00fajt \u00e9p\u00edt\u00e9szeti, m\u00e9rn\u00f6ki \u00e9s kivitelez\u00e9si szolg\u00e1ltat\u00e1sokat. Szolg\u00e1ltat\u00e1sok sz\u00e9les sk\u00e1l\u00e1j\u00e1t k\u00edn\u00e1ljuk v\u00e1llalati \u00e9s egy\u00e9ni \u00fcgyfelek sz\u00e1m\u00e1ra. Irod\u00e1nk K\u0151h\u00eddgyarmaton tal\u00e1lhat\u00f3, \u00e9s ez az a k\u00f6zponti hely, ahonnan kapcsolatokat \u00e9p\u00edt\u00fcnk ki \u00fcgyfeleinkkel. A j\u00f3 kapcsolatok r\u00e9v\u00e9n szil\u00e1rd alapot tudtunk \u00e9p\u00edteni besz\u00e1ll\u00edt\u00f3ink \u00e9s \u00fcgyfeleink k\u00f6z\u00f6tt, akik szak\u00e9rtelm\u00fcnk \u00e9s k\u00e9szs\u00e9geink tekintet\u00e9ben sz\u00e1m\u00edtanak r\u00e1nk.<\/p>\n<cite>POHORI \u00e9p\u00edt\u0151ipari c\u00e9g<\/cite><\/blockquote>\n<\/div>\n<\/div>\n\n\n\n<div class=\"wp-block-citadela-blocks-spacer citadela-block-spacer\"><div class=\"inner-holder\" style=\"padding-top:1vw\"><\/div><\/div>\n<\/div><\/div>\n\n\n\n<div class=\"wp-block-citadela-blocks-custom-container citadela-block-custom-container size-wide bg-type-none inside-space-none\"><div class=\"inner-holder\">\n<div class=\"wp-block-citadela-blocks-spacer citadela-block-spacer\"><div class=\"inner-holder\" style=\"padding-top:5vw\"><\/div><\/div>\n\n\n\n<iframe src=\"https:\/\/www.google.com\/maps\/embed?pb=!1m18!1m12!1m3!1d2677.5070288670995!2d18.658289099999994!3d47.8491429!2m3!1f0!2f0!3f0!3m2!1i1024!2i768!4f13.1!3m3!1m2!1s0x476af59b7dd149d7%3A0x76d620b6c9ebaf10!2sPohori!5e0!3m2!1ssk!2ssk!4v1657218867168!5m2!1ssk!2ssk\" width=\"1500\" height=\"600\" style=\"border:0;\" allowfullscreen=\"\" loading=\"lazy\" referrerpolicy=\"no-referrer-when-downgrade\"><\/iframe>\n\n\n\n<div class=\"wp-block-citadela-blocks-spacer citadela-block-spacer responsive-options loading\" data-block-attr=\"{&quot;desktop&quot;:{&quot;height&quot;:&quot;4vw&quot;},&quot;mobile&quot;:{&quot;height&quot;:&quot;50px&quot;}}\" data-block-mobile-breakpoint=\"900\"><div class=\"inner-holder\" style=\"padding-top:4vw\"><\/div><\/div>\n<\/div><\/div>\n\n\n\n<h2 class=\"wp-block-heading has-text-align-center\"> <strong>A projektek helysz\u00edne<\/strong> <\/h2>\n\n\n\n<div class=\"wp-block-citadela-blocks-custom-container citadela-block-custom-container size-fullwidth bg-type-none inside-space-none\"><div class=\"inner-holder\" style=\"max-width:1600px\">\n<div class=\"wp-block-citadela-blocks-spacer citadela-block-spacer\"><div class=\"inner-holder\" style=\"padding-top:3vw\"><\/div><\/div>\n\n\n\r\n        <div class=\"wp-block-citadela-blocks ctdl-directory-locations-list grid-type-2 layout-list size-medium loading-content use-carousel carousel-navigation carousel-pagination\"\r\n                            data-carousel=\"{&quot;pagination&quot;:true,&quot;navigation&quot;:true,&quot;autoplay&quot;:false,&quot;autoplayDelay&quot;:5,&quot;autoHeight&quot;:false,&quot;loop&quot;:true}\"\r\n                    >\r\n\r\n                            <div class=\"citadela-loader\">\r\n                    <div class=\"inner-wrapper\">\r\n                        <i class=\"fas fa-circle-notch fa-spin\"><\/i>\r\n                    <\/div>\r\n                <\/div>\r\n            \r\n            \r\n            <div class=\"citadela-block-articles swiper-container\">\r\n                <div class=\"citadela-block-articles-wrap swiper-wrapper\">\r\n\r\n                                        \r\n                    <a href=\"https:\/\/pohori.online\/hu\/loc\/bina\/\" class=\"swiper-slide\">\r\n                        <article class=\"folder-card\">\r\n                            <div class=\"folder-header\">\r\n                                                                <div class=\"folder-icon\">\r\n                                    <i class=\"fas fa-map-marker-alt\"><\/i>\r\n                                <\/div>\r\n                                                            <\/div>\r\n\r\n                            <div class=\"folder-content\">\r\n                                <div class=\"folder-content-wrap\">\r\n                                    <p class=\"folder-title\">B\u00e9ny<\/p>\r\n                                                                    <\/div>\r\n                            <\/div>\r\n                        <\/article>\r\n                    <\/a>\r\n                                        \r\n                    <a href=\"https:\/\/pohori.online\/hu\/loc\/kamennymost\/\" class=\"swiper-slide\">\r\n                        <article class=\"folder-card\">\r\n                            <div class=\"folder-header\">\r\n                                                                <div class=\"folder-icon\">\r\n                                    <i class=\"fas fa-map-marker-alt\"><\/i>\r\n                                <\/div>\r\n                                                            <\/div>\r\n\r\n                            <div class=\"folder-content\">\r\n                                <div class=\"folder-content-wrap\">\r\n                                    <p class=\"folder-title\">K\u0151h\u00eddgyarmat<\/p>\r\n                                                                    <\/div>\r\n                            <\/div>\r\n                        <\/article>\r\n                    <\/a>\r\n                                        \r\n                    <a href=\"https:\/\/pohori.online\/hu\/loc\/muzla\/\" class=\"swiper-slide\">\r\n                        <article class=\"folder-card\">\r\n                            <div class=\"folder-header\">\r\n                                                                <div class=\"folder-icon\">\r\n                                    <i class=\"fas fa-map-marker-alt\"><\/i>\r\n                                <\/div>\r\n                                                            <\/div>\r\n\r\n                            <div class=\"folder-content\">\r\n                                <div class=\"folder-content-wrap\">\r\n                                    <p class=\"folder-title\">Muzsla<\/p>\r\n                                                                    <\/div>\r\n                            <\/div>\r\n                        <\/article>\r\n                    <\/a>\r\n                                        \r\n                    <a href=\"https:\/\/pohori.online\/hu\/loc\/nana\/\" class=\"swiper-slide\">\r\n                        <article class=\"folder-card\">\r\n                            <div class=\"folder-header\">\r\n                                                                <div class=\"folder-icon\">\r\n                                    <i class=\"fas fa-map-marker-alt\"><\/i>\r\n                                <\/div>\r\n                                                            <\/div>\r\n\r\n                            <div class=\"folder-content\">\r\n                                <div class=\"folder-content-wrap\">\r\n                                    <p class=\"folder-title\">N\u00e1na<\/p>\r\n                                                                    <\/div>\r\n                            <\/div>\r\n                        <\/article>\r\n                    <\/a>\r\n                                        \r\n                    <a href=\"https:\/\/pohori.online\/hu\/loc\/sturovo\/\" class=\"swiper-slide\">\r\n                        <article class=\"folder-card\">\r\n                            <div class=\"folder-header\">\r\n                                                                <div class=\"folder-icon\">\r\n                                    <i class=\"fas fa-map-marker-alt\"><\/i>\r\n                                <\/div>\r\n                                                            <\/div>\r\n\r\n                            <div class=\"folder-content\">\r\n                                <div class=\"folder-content-wrap\">\r\n                                    <p class=\"folder-title\">P\u00e1rk\u00e1ny<\/p>\r\n                                                                    <\/div>\r\n                            <\/div>\r\n                        <\/article>\r\n                    <\/a>\r\n                    \r\n                <\/div>\r\n\r\n\r\n            <\/div>\r\n            \r\n                                                <div class=\"carousel-navigation-wrapper\">\r\n                        <div class=\"carousel-button-prev\"><i class=\"fas fa-chevron-left\"><\/i><\/div>\r\n                        <div class=\"carousel-button-next\"><i class=\"fas fa-chevron-right\"><\/i><\/div>\r\n                    <\/div>\r\n                                                    <div class=\"carousel-pagination-wrapper\"><\/div>\r\n                \r\n            \r\n        <\/div>\r\n        <\/div><\/div>","protected":false},"excerpt":{"rendered":"<p>A projektek helysz\u00edne<\/p>","protected":false},"author":1,"featured_media":0,"parent":0,"menu_order":0,"comment_status":"closed","ping_status":"closed","template":"","meta":{"_citadela_hide_page_title":"1","_citadela_remove_header_space":"1","_citadela_custom_class":"","_citadela_half_map_provider":"","_citadela_half_map_theme":"","_citadela_half_map_themeOSM":"","_citadela_half_map_customTheme":"","_citadela_half_map_dataType":"","_citadela_half_map_dynamicTrack":false,"_citadela_half_map_trackColor":"","_citadela_half_map_trackEndpointsColor":"","_citadela_half_map_filterCategory":"","_citadela_half_map_filterLocation":"","_citadela_half_map_filterFeatured":false,"_citadela_half_map_noDataBehavior":"empty-map","_citadela_half_map_noDataText":"","_citadela_half_map_clusterGridSize":80,"_citadela_header":false,"_citadela_header_over_content":false,"_citadela_header_text_color":"","_citadela_header_logo":[],"_citadela_header_bg_image":[],"_citadela_header_bg_position":[],"_citadela_header_bg_size":"","_citadela_header_bg_repeat":"","_citadela_header_bg_fixed":false,"_citadela_header_bg_color":"","_citadela_header_bg_image_overlay":"","_citadela_header_transparent_bg":false,"_citadela_content_width":"","_citadela_half_layout_position":"","footnotes":""},"class_list":["post-81","page","type-page","status-publish","hentry"],"_links":{"self":[{"href":"https:\/\/pohori.online\/hu\/wp-json\/wp\/v2\/pages\/81","targetHints":{"allow":["GET"]}}],"collection":[{"href":"https:\/\/pohori.online\/hu\/wp-json\/wp\/v2\/pages"}],"about":[{"href":"https:\/\/pohori.online\/hu\/wp-json\/wp\/v2\/types\/page"}],"author":[{"embeddable":true,"href":"https:\/\/pohori.online\/hu\/wp-json\/wp\/v2\/users\/1"}],"replies":[{"embeddable":true,"href":"https:\/\/pohori.online\/hu\/wp-json\/wp\/v2\/comments?post=81"}],"version-history":[{"count":91,"href":"https:\/\/pohori.online\/hu\/wp-json\/wp\/v2\/pages\/81\/revisions"}],"predecessor-version":[{"id":1586,"href":"https:\/\/pohori.online\/hu\/wp-json\/wp\/v2\/pages\/81\/revisions\/1586"}],"wp:attachment":[{"href":"https:\/\/pohori.online\/hu\/wp-json\/wp\/v2\/media?parent=81"}],"curies":[{"name":"wp","href":"https:\/\/api.w.org\/{rel}","templated":true}]}}